{"id":4286,"date":"2022-07-17T17:12:03","date_gmt":"2022-07-17T15:12:03","guid":{"rendered":"https:\/\/everydayraquel.com\/?post_type=product&#038;p=4286"},"modified":"2022-07-17T18:21:35","modified_gmt":"2022-07-17T16:21:35","slug":"de-l-autre-cote-de-la-raison","status":"publish","type":"product","link":"https:\/\/everydayraquel.com\/en\/boutique\/contes-et-fantaisie\/de-l-autre-cote-de-la-raison\/","title":{"rendered":"De l&rsquo;autre c\u00f4t\u00e9 de la raison"},"content":{"rendered":"","protected":false},"excerpt":{"rendered":"<p>De l&rsquo;autre c\u00f4t\u00e9 de la raison.<br \/>\n<span data-offset-key=\"2o05i-0-0\">Un polyptyque qui parle de : par l\u00e0 il faut y aller ; de l&rsquo;autre c\u00f4t\u00e9 de la raison ; suivre un r\u00eave ; \u00e0 la qu\u00eate d&rsquo;objectifs ; la hauteur des r\u00eaves ; points de vue ; processus ; vers le haut ; comment voir plus loin ; s&rsquo;\u00e9couter ; d\u00e9passer la raison ; plus loin&#8230;<\/span><\/p>\n<p>Ce polyptyque se pr\u00e9sente sous la forme d&rsquo;un collage de 4 tirages (12 x 12 cm chacun) sur une feuille de papier dessin (38 x 38 cm) sign\u00e9e.<\/p>","protected":false},"featured_media":4310,"template":"","meta":{"site-sidebar-layout":"default","site-content-layout":"default","ast-site-content-layout":"default","site-content-style":"default","site-sidebar-style":"default","ast-global-header-display":"","ast-banner-title-visibility":"","ast-main-header-display":"","ast-hfb-above-header-display":"","ast-hfb-below-header-display":"","ast-hfb-mobile-header-display":"","site-post-title":"","ast-breadcrumbs-content":"","ast-featured-img":"","footer-sml-layout":"","ast-disable-related-posts":"","theme-transparent-header-meta":"default","adv-header-id-meta":"","stick-header-meta":"","header-above-stick-meta":"","header-main-stick-meta":"","header-below-stick-meta":"","astra-migrate-meta-layouts":"default","ast-page-background-enabled":"default","ast-page-background-meta":{"desktop":{"background-color":"","background-image":"","background-repeat":"repeat","background-position":"center center","background-size":"auto","background-attachment":"scroll","background-type":"","background-media":"","overlay-type":"","overlay-color":"","overlay-opacity":"","overlay-gradient":""},"tablet":{"background-color":"","background-image":"","background-repeat":"repeat","background-position":"center center","background-size":"auto","background-attachment":"scroll","background-type":"","background-media":"","overlay-type":"","overlay-color":"","overlay-opacity":"","overlay-gradient":""},"mobile":{"background-color":"","background-image":"","background-repeat":"repeat","background-position":"center center","background-size":"auto","background-attachment":"scroll","background-type":"","background-media":"","overlay-type":"","overlay-color":"","overlay-opacity":"","overlay-gradient":""}},"ast-content-background-meta":{"desktop":{"background-color":"var(--ast-global-color-5)","background-image":"","background-repeat":"repeat","background-position":"center center","background-size":"auto","background-attachment":"scroll","background-type":"","background-media":"","overlay-type":"","overlay-color":"","overlay-opacity":"","overlay-gradient":""},"tablet":{"background-color":"var(--ast-global-color-5)","background-image":"","background-repeat":"repeat","background-position":"center center","background-size":"auto","background-attachment":"scroll","background-type":"","background-media":"","overlay-type":"","overlay-color":"","overlay-opacity":"","overlay-gradient":""},"mobile":{"background-color":"var(--ast-global-color-5)","background-image":"","background-repeat":"repeat","background-position":"center center","background-size":"auto","background-attachment":"scroll","background-type":"","background-media":"","overlay-type":"","overlay-color":"","overlay-opacity":"","overlay-gradient":""}}},"product_brand":[],"product_cat":[78,55,63,49],"product_tag":[],"class_list":{"0":"post-4286","1":"product","2":"type-product","3":"status-publish","4":"has-post-thumbnail","6":"product_cat-cartes-illustrees-speciales","7":"product_cat-tous-les-dessins","8":"product_cat-portraits","9":"product_cat-contes-et-fantaisie","10":"desktop-align-left","11":"tablet-align-left","12":"mobile-align-left","14":"first","15":"instock","16":"shipping-taxable","17":"purchasable","18":"product-type-simple"},"yoast_head":"<title>De l&#039;autre c\u00f4t\u00e9 de la raison &#8211; EverydayRaquel<\/title>\n<meta name=\"robots\" content=\"index, follow, max-snippet:-1, max-image-preview:large, max-video-preview:-1\" \/>\n<link rel=\"canonical\" href=\"https:\/\/everydayraquel.com\/en\/boutique\/contes-et-fantaisie\/de-l-autre-cote-de-la-raison\/\" \/>\n<meta property=\"og:locale\" content=\"en_GB\" \/>\n<meta property=\"og:type\" content=\"article\" \/>\n<meta property=\"og:title\" content=\"De l&#039;autre c\u00f4t\u00e9 de la raison\" \/>\n<meta property=\"og:description\" content=\"De l&#039;autre c\u00f4t\u00e9 de la raison. Un polyptyque qui parle de : par l\u00e0 il faut y aller ; de l&#039;autre c\u00f4t\u00e9 de la raison ; suivre un r\u00eave ; \u00e0 la qu\u00eate d&#039;objectifs ; la hauteur des r\u00eaves ; points de vue ; processus ; vers le haut ; comment voir plus loin ; s&#039;\u00e9couter ; d\u00e9passer la raison ; plus loin...  Ce polyptyque se pr\u00e9sente sous la forme d&#039;un collage de 4 tirages (12 x 12 cm chacun) sur une feuille de papier dessin (38 x 38 cm) sign\u00e9e.\" \/>\n<meta property=\"og:url\" content=\"https:\/\/everydayraquel.com\/en\/boutique\/contes-et-fantaisie\/de-l-autre-cote-de-la-raison\/\" \/>\n<meta property=\"og:site_name\" content=\"EverydayRaquel\" \/>\n<meta property=\"article:publisher\" content=\"https:\/\/www.facebook.com\/everydayraquel\/\" \/>\n<meta property=\"article:modified_time\" content=\"2022-07-17T16:21:35+00:00\" \/>\n<meta property=\"og:image\" content=\"https:\/\/everydayraquel.com\/wp-content\/uploads\/2022\/07\/collage.jpg\" \/>\n\t<meta property=\"og:image:width\" content=\"900\" \/>\n\t<meta property=\"og:image:height\" content=\"900\" \/>\n\t<meta property=\"og:image:type\" content=\"image\/jpeg\" \/>\n<meta name=\"twitter:card\" content=\"summary_large_image\" \/>\n<script type=\"application\/ld+json\" class=\"yoast-schema-graph\">{\"@context\":\"https:\/\/schema.org\",\"@graph\":[{\"@type\":\"WebPage\",\"@id\":\"https:\/\/everydayraquel.com\/boutique\/contes-et-fantaisie\/de-l-autre-cote-de-la-raison\/\",\"url\":\"https:\/\/everydayraquel.com\/boutique\/contes-et-fantaisie\/de-l-autre-cote-de-la-raison\/\",\"name\":\"De l'autre c\u00f4t\u00e9 de la raison &#8211; EverydayRaquel\",\"isPartOf\":{\"@id\":\"https:\/\/everydayraquel.com\/#website\"},\"primaryImageOfPage\":{\"@id\":\"https:\/\/everydayraquel.com\/boutique\/contes-et-fantaisie\/de-l-autre-cote-de-la-raison\/#primaryimage\"},\"image\":{\"@id\":\"https:\/\/everydayraquel.com\/boutique\/contes-et-fantaisie\/de-l-autre-cote-de-la-raison\/#primaryimage\"},\"thumbnailUrl\":\"https:\/\/everydayraquel.com\/wp-content\/uploads\/2022\/07\/collage.jpg\",\"datePublished\":\"2022-07-17T15:12:03+00:00\",\"dateModified\":\"2022-07-17T16:21:35+00:00\",\"breadcrumb\":{\"@id\":\"https:\/\/everydayraquel.com\/boutique\/contes-et-fantaisie\/de-l-autre-cote-de-la-raison\/#breadcrumb\"},\"inLanguage\":\"en-GB\",\"potentialAction\":[{\"@type\":\"ReadAction\",\"target\":[\"https:\/\/everydayraquel.com\/boutique\/contes-et-fantaisie\/de-l-autre-cote-de-la-raison\/\"]}]},{\"@type\":\"ImageObject\",\"inLanguage\":\"en-GB\",\"@id\":\"https:\/\/everydayraquel.com\/boutique\/contes-et-fantaisie\/de-l-autre-cote-de-la-raison\/#primaryimage\",\"url\":\"https:\/\/everydayraquel.com\/wp-content\/uploads\/2022\/07\/collage.jpg\",\"contentUrl\":\"https:\/\/everydayraquel.com\/wp-content\/uploads\/2022\/07\/collage.jpg\",\"width\":900,\"height\":900},{\"@type\":\"BreadcrumbList\",\"@id\":\"https:\/\/everydayraquel.com\/boutique\/contes-et-fantaisie\/de-l-autre-cote-de-la-raison\/#breadcrumb\",\"itemListElement\":[{\"@type\":\"ListItem\",\"position\":1,\"name\":\"Accueil\",\"item\":\"https:\/\/everydayraquel.com\/\"},{\"@type\":\"ListItem\",\"position\":2,\"name\":\"Boutique en ligne\",\"item\":\"https:\/\/everydayraquel.com\/boutique\/\"},{\"@type\":\"ListItem\",\"position\":3,\"name\":\"De l&#8217;autre c\u00f4t\u00e9 de la raison\"}]},{\"@type\":\"WebSite\",\"@id\":\"https:\/\/everydayraquel.com\/#website\",\"url\":\"https:\/\/everydayraquel.com\/\",\"name\":\"EverydayRaquel Art et Illustration\",\"description\":\"Un jour, un dessin\",\"publisher\":{\"@id\":\"https:\/\/everydayraquel.com\/#organization\"},\"alternateName\":\"Artiste Everyday Raquel\",\"potentialAction\":[{\"@type\":\"SearchAction\",\"target\":{\"@type\":\"EntryPoint\",\"urlTemplate\":\"https:\/\/everydayraquel.com\/?s={search_term_string}\"},\"query-input\":{\"@type\":\"PropertyValueSpecification\",\"valueRequired\":true,\"valueName\":\"search_term_string\"}}],\"inLanguage\":\"en-GB\"},{\"@type\":[\"Organization\",\"Place\",\"ArtGallery\"],\"@id\":\"https:\/\/everydayraquel.com\/#organization\",\"name\":\"Everyday Raquel\",\"alternateName\":\"Raquel Artiste Dunkerque\",\"url\":\"https:\/\/everydayraquel.com\/\",\"logo\":{\"@id\":\"https:\/\/everydayraquel.com\/boutique\/contes-et-fantaisie\/de-l-autre-cote-de-la-raison\/#local-main-organization-logo\"},\"image\":{\"@id\":\"https:\/\/everydayraquel.com\/boutique\/contes-et-fantaisie\/de-l-autre-cote-de-la-raison\/#local-main-organization-logo\"},\"sameAs\":[\"https:\/\/www.facebook.com\/everydayraquel\/\",\"https:\/\/www.instagram.com\/everydayraquel\/\"],\"description\":\"Artiste et illustratrice \u00e0 Dunkerque, je r\u00e9alise des dessins personnalis\u00e9s, vente d'affiches et de cadres, dessins du carnaval et des moments du quotidien. Street art, ateliers de dessins collectifs.\",\"legalName\":\"EveryDay Raquel\",\"foundingDate\":\"2020-07-27\",\"numberOfEmployees\":{\"@type\":\"QuantitativeValue\",\"minValue\":\"1\",\"maxValue\":\"10\"},\"address\":{\"@id\":\"https:\/\/everydayraquel.com\/boutique\/contes-et-fantaisie\/de-l-autre-cote-de-la-raison\/#local-main-place-address\"},\"telephone\":[],\"openingHoursSpecification\":[{\"@type\":\"OpeningHoursSpecification\",\"dayOfWeek\":[\"Monday\",\"Tuesday\",\"Wednesday\",\"Thursday\",\"Friday\"],\"opens\":\"09:30\",\"closes\":\"18:00\"},{\"@type\":\"OpeningHoursSpecification\",\"dayOfWeek\":[\"Saturday\"],\"opens\":\"10:00\",\"closes\":\"12:00\"},{\"@type\":\"OpeningHoursSpecification\",\"dayOfWeek\":[\"Sunday\"],\"opens\":\"00:00\",\"closes\":\"00:00\"}],\"email\":\"contact@everydayraquel.com\",\"areaServed\":\"Dunkerque, Grande-Synthe, Bergues, Calais, Hazebrouck, Lille,\",\"priceRange\":\"$$\",\"currenciesAccepted\":\"Euro\",\"paymentAccepted\":\"CB, liquide, cash, carte bancaire\"},{\"@type\":\"PostalAddress\",\"@id\":\"https:\/\/everydayraquel.com\/boutique\/contes-et-fantaisie\/de-l-autre-cote-de-la-raison\/#local-main-place-address\",\"streetAddress\":\"Rue Winston Churchill\",\"addressLocality\":\"Dunkerque\",\"postalCode\":\"59240\",\"addressCountry\":\"FR\"},{\"@type\":\"ImageObject\",\"inLanguage\":\"en-GB\",\"@id\":\"https:\/\/everydayraquel.com\/boutique\/contes-et-fantaisie\/de-l-autre-cote-de-la-raison\/#local-main-organization-logo\",\"url\":\"https:\/\/everydayraquel.com\/wp-content\/uploads\/2020\/11\/everydayraquel_logo_mirroir.png\",\"contentUrl\":\"https:\/\/everydayraquel.com\/wp-content\/uploads\/2020\/11\/everydayraquel_logo_mirroir.png\",\"width\":670,\"height\":290,\"caption\":\"Everyday Raquel\"}]}<\/script>\n<meta name=\"geo.placename\" content=\"Dunkerque\" \/>\n<meta name=\"geo.region\" content=\"France\" \/>","yoast_head_json":{"title":"De l'autre c\u00f4t\u00e9 de la raison &#8211; EverydayRaquel","robots":{"index":"index","follow":"follow","max-snippet":"max-snippet:-1","max-image-preview":"max-image-preview:large","max-video-preview":"max-video-preview:-1"},"canonical":"https:\/\/everydayraquel.com\/en\/boutique\/contes-et-fantaisie\/de-l-autre-cote-de-la-raison\/","og_locale":"en_GB","og_type":"article","og_title":"De l'autre c\u00f4t\u00e9 de la raison","og_description":"De l'autre c\u00f4t\u00e9 de la raison. Un polyptyque qui parle de : par l\u00e0 il faut y aller ; de l'autre c\u00f4t\u00e9 de la raison ; suivre un r\u00eave ; \u00e0 la qu\u00eate d'objectifs ; la hauteur des r\u00eaves ; points de vue ; processus ; vers le haut ; comment voir plus loin ; s'\u00e9couter ; d\u00e9passer la raison ; plus loin...  Ce polyptyque se pr\u00e9sente sous la forme d'un collage de 4 tirages (12 x 12 cm chacun) sur une feuille de papier dessin (38 x 38 cm) sign\u00e9e.","og_url":"https:\/\/everydayraquel.com\/en\/boutique\/contes-et-fantaisie\/de-l-autre-cote-de-la-raison\/","og_site_name":"EverydayRaquel","article_publisher":"https:\/\/www.facebook.com\/everydayraquel\/","article_modified_time":"2022-07-17T16:21:35+00:00","og_image":[{"width":900,"height":900,"url":"https:\/\/everydayraquel.com\/wp-content\/uploads\/2022\/07\/collage.jpg","type":"image\/jpeg"}],"twitter_card":"summary_large_image","schema":{"@context":"https:\/\/schema.org","@graph":[{"@type":"WebPage","@id":"https:\/\/everydayraquel.com\/boutique\/contes-et-fantaisie\/de-l-autre-cote-de-la-raison\/","url":"https:\/\/everydayraquel.com\/boutique\/contes-et-fantaisie\/de-l-autre-cote-de-la-raison\/","name":"De l'autre c\u00f4t\u00e9 de la raison &#8211; EverydayRaquel","isPartOf":{"@id":"https:\/\/everydayraquel.com\/#website"},"primaryImageOfPage":{"@id":"https:\/\/everydayraquel.com\/boutique\/contes-et-fantaisie\/de-l-autre-cote-de-la-raison\/#primaryimage"},"image":{"@id":"https:\/\/everydayraquel.com\/boutique\/contes-et-fantaisie\/de-l-autre-cote-de-la-raison\/#primaryimage"},"thumbnailUrl":"https:\/\/everydayraquel.com\/wp-content\/uploads\/2022\/07\/collage.jpg","datePublished":"2022-07-17T15:12:03+00:00","dateModified":"2022-07-17T16:21:35+00:00","breadcrumb":{"@id":"https:\/\/everydayraquel.com\/boutique\/contes-et-fantaisie\/de-l-autre-cote-de-la-raison\/#breadcrumb"},"inLanguage":"en-GB","potentialAction":[{"@type":"ReadAction","target":["https:\/\/everydayraquel.com\/boutique\/contes-et-fantaisie\/de-l-autre-cote-de-la-raison\/"]}]},{"@type":"ImageObject","inLanguage":"en-GB","@id":"https:\/\/everydayraquel.com\/boutique\/contes-et-fantaisie\/de-l-autre-cote-de-la-raison\/#primaryimage","url":"https:\/\/everydayraquel.com\/wp-content\/uploads\/2022\/07\/collage.jpg","contentUrl":"https:\/\/everydayraquel.com\/wp-content\/uploads\/2022\/07\/collage.jpg","width":900,"height":900},{"@type":"BreadcrumbList","@id":"https:\/\/everydayraquel.com\/boutique\/contes-et-fantaisie\/de-l-autre-cote-de-la-raison\/#breadcrumb","itemListElement":[{"@type":"ListItem","position":1,"name":"Accueil","item":"https:\/\/everydayraquel.com\/"},{"@type":"ListItem","position":2,"name":"Boutique en ligne","item":"https:\/\/everydayraquel.com\/boutique\/"},{"@type":"ListItem","position":3,"name":"De l&#8217;autre c\u00f4t\u00e9 de la raison"}]},{"@type":"WebSite","@id":"https:\/\/everydayraquel.com\/#website","url":"https:\/\/everydayraquel.com\/","name":"EverydayRaquel Art et Illustration","description":"Un jour, un dessin","publisher":{"@id":"https:\/\/everydayraquel.com\/#organization"},"alternateName":"Artiste Everyday Raquel","potentialAction":[{"@type":"SearchAction","target":{"@type":"EntryPoint","urlTemplate":"https:\/\/everydayraquel.com\/?s={search_term_string}"},"query-input":{"@type":"PropertyValueSpecification","valueRequired":true,"valueName":"search_term_string"}}],"inLanguage":"en-GB"},{"@type":["Organization","Place","ArtGallery"],"@id":"https:\/\/everydayraquel.com\/#organization","name":"Everyday Raquel","alternateName":"Raquel Artiste Dunkerque","url":"https:\/\/everydayraquel.com\/","logo":{"@id":"https:\/\/everydayraquel.com\/boutique\/contes-et-fantaisie\/de-l-autre-cote-de-la-raison\/#local-main-organization-logo"},"image":{"@id":"https:\/\/everydayraquel.com\/boutique\/contes-et-fantaisie\/de-l-autre-cote-de-la-raison\/#local-main-organization-logo"},"sameAs":["https:\/\/www.facebook.com\/everydayraquel\/","https:\/\/www.instagram.com\/everydayraquel\/"],"description":"Artiste et illustratrice \u00e0 Dunkerque, je r\u00e9alise des dessins personnalis\u00e9s, vente d'affiches et de cadres, dessins du carnaval et des moments du quotidien. Street art, ateliers de dessins collectifs.","legalName":"EveryDay Raquel","foundingDate":"2020-07-27","numberOfEmployees":{"@type":"QuantitativeValue","minValue":"1","maxValue":"10"},"address":{"@id":"https:\/\/everydayraquel.com\/boutique\/contes-et-fantaisie\/de-l-autre-cote-de-la-raison\/#local-main-place-address"},"telephone":[],"openingHoursSpecification":[{"@type":"OpeningHoursSpecification","dayOfWeek":["Monday","Tuesday","Wednesday","Thursday","Friday"],"opens":"09:30","closes":"18:00"},{"@type":"OpeningHoursSpecification","dayOfWeek":["Saturday"],"opens":"10:00","closes":"12:00"},{"@type":"OpeningHoursSpecification","dayOfWeek":["Sunday"],"opens":"00:00","closes":"00:00"}],"email":"contact@everydayraquel.com","areaServed":"Dunkerque, Grande-Synthe, Bergues, Calais, Hazebrouck, Lille,","priceRange":"$$","currenciesAccepted":"Euro","paymentAccepted":"CB, liquide, cash, carte bancaire"},{"@type":"PostalAddress","@id":"https:\/\/everydayraquel.com\/boutique\/contes-et-fantaisie\/de-l-autre-cote-de-la-raison\/#local-main-place-address","streetAddress":"Rue Winston Churchill","addressLocality":"Dunkerque","postalCode":"59240","addressCountry":"FR"},{"@type":"ImageObject","inLanguage":"en-GB","@id":"https:\/\/everydayraquel.com\/boutique\/contes-et-fantaisie\/de-l-autre-cote-de-la-raison\/#local-main-organization-logo","url":"https:\/\/everydayraquel.com\/wp-content\/uploads\/2020\/11\/everydayraquel_logo_mirroir.png","contentUrl":"https:\/\/everydayraquel.com\/wp-content\/uploads\/2020\/11\/everydayraquel_logo_mirroir.png","width":670,"height":290,"caption":"Everyday Raquel"}]},"geo.placename":"Dunkerque","geo.region":"France"},"_links":{"self":[{"href":"https:\/\/everydayraquel.com\/en\/wp-json\/wp\/v2\/product\/4286","targetHints":{"allow":["GET"]}}],"collection":[{"href":"https:\/\/everydayraquel.com\/en\/wp-json\/wp\/v2\/product"}],"about":[{"href":"https:\/\/everydayraquel.com\/en\/wp-json\/wp\/v2\/types\/product"}],"wp:featuredmedia":[{"embeddable":true,"href":"https:\/\/everydayraquel.com\/en\/wp-json\/wp\/v2\/media\/4310"}],"wp:attachment":[{"href":"https:\/\/everydayraquel.com\/en\/wp-json\/wp\/v2\/media?parent=4286"}],"wp:term":[{"taxonomy":"product_brand","embeddable":true,"href":"https:\/\/everydayraquel.com\/en\/wp-json\/wp\/v2\/product_brand?post=4286"},{"taxonomy":"product_cat","embeddable":true,"href":"https:\/\/everydayraquel.com\/en\/wp-json\/wp\/v2\/product_cat?post=4286"},{"taxonomy":"product_tag","embeddable":true,"href":"https:\/\/everydayraquel.com\/en\/wp-json\/wp\/v2\/product_tag?post=4286"}],"curies":[{"name":"wp","href":"https:\/\/api.w.org\/{rel}","templated":true}]}}