{"id":3831,"date":"2021-11-25T16:50:57","date_gmt":"2021-11-25T15:50:57","guid":{"rendered":"https:\/\/everydayraquel.com\/?post_type=product&#038;p=3831"},"modified":"2022-06-16T22:28:35","modified_gmt":"2022-06-16T20:28:35","slug":"la-couleur-de-tous-les-jours-livre-de-coloriage","status":"publish","type":"product","link":"https:\/\/everydayraquel.com\/en\/boutique\/livres-editions\/la-couleur-de-tous-les-jours-livre-de-coloriage\/","title":{"rendered":"\"La couleur de tous les jours\" - The colouring book"},"content":{"rendered":"<div class=\"elementor-element elementor-element-25f3d44 elementor-widget elementor-widget-text-editor\" data-id=\"25f3d44\" data-element_type=\"widget\" data-widget_type=\"text-editor.default\">\n<div class=\"elementor-widget-container\">\n<div class=\"elementor-text-editor elementor-clearfix\">\n<p>The idea of creating this book came to me form all those magical moments that I spent drawing for those around me. I want my drawings to be source of smiles and bright looks.<\/p>\n<p>The making of this book was possible thanks to the crowdfunding project that was launched <span style=\"color: #00ccff;\"><strong><a style=\"color: #00ccff;\" href=\"https:\/\/fr.ulule.com\/la-couleur-de-tous-les-jours\/\">on this website<\/a><\/strong><\/span>. A big thank you to all the participants ! Without you this project would have never been possible ! \u2764\ufe0f<\/p>\n<p>all drawings on this book where made by hand ( pencil and black marker )<\/p>\n<p>I had the pleasure of leaving on each drawing tiny bits of myself and many ideas that are dear to me. Enjoy, colour and give a colourful life tho these drawings !<\/p>\n<\/div>\n<\/div>\n<\/div>","protected":false},"excerpt":{"rendered":"<p>\u00ab La couleur de tous les jours \u00bb is a colouring book made for children. It allows them to discover different places and situations in everyday life with a sparkle of fantasy.<\/p>\n<p>The illustrations are about 4 main subjects :<br \/>\nThe city and it's details - The four seasons - Science fiction and fantasy - Plants and nature<\/p>\n<p>The book is edited in A4 format and contains 25 colouring pages + a giant coloring page ( 50x70 cm poster )<\/p>","protected":false},"featured_media":3916,"template":"","meta":{"site-sidebar-layout":"default","site-content-layout":"default","ast-site-content-layout":"default","site-content-style":"default","site-sidebar-style":"default","ast-global-header-display":"","ast-banner-title-visibility":"","ast-main-header-display":"","ast-hfb-above-header-display":"","ast-hfb-below-header-display":"","ast-hfb-mobile-header-display":"","site-post-title":"","ast-breadcrumbs-content":"","ast-featured-img":"","footer-sml-layout":"","ast-disable-related-posts":"","theme-transparent-header-meta":"default","adv-header-id-meta":"","stick-header-meta":"","header-above-stick-meta":"","header-main-stick-meta":"","header-below-stick-meta":"","astra-migrate-meta-layouts":"default","ast-page-background-enabled":"default","ast-page-background-meta":{"desktop":{"background-color":"","background-image":"","background-repeat":"repeat","background-position":"center center","background-size":"auto","background-attachment":"scroll","background-type":"","background-media":"","overlay-type":"","overlay-color":"","overlay-opacity":"","overlay-gradient":""},"tablet":{"background-color":"","background-image":"","background-repeat":"repeat","background-position":"center center","background-size":"auto","background-attachment":"scroll","background-type":"","background-media":"","overlay-type":"","overlay-color":"","overlay-opacity":"","overlay-gradient":""},"mobile":{"background-color":"","background-image":"","background-repeat":"repeat","background-position":"center center","background-size":"auto","background-attachment":"scroll","background-type":"","background-media":"","overlay-type":"","overlay-color":"","overlay-opacity":"","overlay-gradient":""}},"ast-content-background-meta":{"desktop":{"background-color":"var(--ast-global-color-5)","background-image":"","background-repeat":"repeat","background-position":"center center","background-size":"auto","background-attachment":"scroll","background-type":"","background-media":"","overlay-type":"","overlay-color":"","overlay-opacity":"","overlay-gradient":""},"tablet":{"background-color":"var(--ast-global-color-5)","background-image":"","background-repeat":"repeat","background-position":"center center","background-size":"auto","background-attachment":"scroll","background-type":"","background-media":"","overlay-type":"","overlay-color":"","overlay-opacity":"","overlay-gradient":""},"mobile":{"background-color":"var(--ast-global-color-5)","background-image":"","background-repeat":"repeat","background-position":"center center","background-size":"auto","background-attachment":"scroll","background-type":"","background-media":"","overlay-type":"","overlay-color":"","overlay-opacity":"","overlay-gradient":""}}},"product_brand":[],"product_cat":[81],"product_tag":[],"class_list":{"0":"post-3831","1":"product","2":"type-product","3":"status-publish","4":"has-post-thumbnail","6":"product_cat-livres-editions","7":"desktop-align-left","8":"tablet-align-left","9":"mobile-align-left","11":"first","12":"instock","13":"shipping-taxable","14":"purchasable","15":"product-type-variable","16":"has-default-attributes"},"yoast_head":"<title>La couleur de tous les jours - Livre de coloriage &#8211; EverydayRaquel<\/title>\n<meta name=\"robots\" content=\"index, follow, max-snippet:-1, max-image-preview:large, max-video-preview:-1\" \/>\n<link rel=\"canonical\" href=\"https:\/\/everydayraquel.com\/en\/boutique\/livres-editions\/la-couleur-de-tous-les-jours-livre-de-coloriage\/\" \/>\n<meta property=\"og:locale\" content=\"en_GB\" \/>\n<meta property=\"og:type\" content=\"article\" \/>\n<meta property=\"og:title\" content=\"La couleur de tous les jours - Livre de coloriage\" \/>\n<meta property=\"og:description\" content=\"\u00ab La couleur de tous les jours \u00bb est un livre de coloriage artistique d\u00e9di\u00e9 aux enfants, qui leur permet de d\u00e9couvrir diff\u00e9rents lieux et situations de la vie quotidienne avec une touche de fantaisie.  Les illustrations faites \u00e0 la main \u00e9voquent 4 sujets diff\u00e9rents : La ville &amp; ses d\u00e9tails - Les quatre saisons - Science-fiction &amp; fantaisie - Plantes &amp; Nature.  Le livre est \u00e9dit\u00e9 au format A4 et contient 25 planches de dessins \u00e0 colorier + un dessin g\u00e9ant \u00e0 colorier (affiche au format 50x70cm).\" \/>\n<meta property=\"og:url\" content=\"https:\/\/everydayraquel.com\/en\/boutique\/livres-editions\/la-couleur-de-tous-les-jours-livre-de-coloriage\/\" \/>\n<meta property=\"og:site_name\" content=\"EverydayRaquel\" \/>\n<meta property=\"article:publisher\" content=\"https:\/\/www.facebook.com\/everydayraquel\/\" \/>\n<meta property=\"article:modified_time\" content=\"2022-06-16T20:28:35+00:00\" \/>\n<meta property=\"og:image\" content=\"https:\/\/everydayraquel.com\/wp-content\/uploads\/2021\/11\/montage_livre_coloriage_carre.jpg\" \/>\n\t<meta property=\"og:image:width\" content=\"900\" \/>\n\t<meta property=\"og:image:height\" content=\"900\" \/>\n\t<meta property=\"og:image:type\" content=\"image\/jpeg\" \/>\n<meta name=\"twitter:card\" content=\"summary_large_image\" \/>\n<meta name=\"twitter:label1\" content=\"Estimated reading time\" \/>\n\t<meta name=\"twitter:data1\" content=\"1 minute\" \/>\n<script type=\"application\/ld+json\" class=\"yoast-schema-graph\">{\"@context\":\"https:\/\/schema.org\",\"@graph\":[{\"@type\":\"WebPage\",\"@id\":\"https:\/\/everydayraquel.com\/boutique\/livres-editions\/la-couleur-de-tous-les-jours-livre-de-coloriage\/\",\"url\":\"https:\/\/everydayraquel.com\/boutique\/livres-editions\/la-couleur-de-tous-les-jours-livre-de-coloriage\/\",\"name\":\"La couleur de tous les jours - Livre de coloriage &#8211; EverydayRaquel\",\"isPartOf\":{\"@id\":\"https:\/\/everydayraquel.com\/#website\"},\"primaryImageOfPage\":{\"@id\":\"https:\/\/everydayraquel.com\/boutique\/livres-editions\/la-couleur-de-tous-les-jours-livre-de-coloriage\/#primaryimage\"},\"image\":{\"@id\":\"https:\/\/everydayraquel.com\/boutique\/livres-editions\/la-couleur-de-tous-les-jours-livre-de-coloriage\/#primaryimage\"},\"thumbnailUrl\":\"https:\/\/everydayraquel.com\/wp-content\/uploads\/2021\/11\/montage_livre_coloriage_carre.jpg\",\"datePublished\":\"2021-11-25T15:50:57+00:00\",\"dateModified\":\"2022-06-16T20:28:35+00:00\",\"breadcrumb\":{\"@id\":\"https:\/\/everydayraquel.com\/boutique\/livres-editions\/la-couleur-de-tous-les-jours-livre-de-coloriage\/#breadcrumb\"},\"inLanguage\":\"en-GB\",\"potentialAction\":[{\"@type\":\"ReadAction\",\"target\":[\"https:\/\/everydayraquel.com\/boutique\/livres-editions\/la-couleur-de-tous-les-jours-livre-de-coloriage\/\"]}]},{\"@type\":\"ImageObject\",\"inLanguage\":\"en-GB\",\"@id\":\"https:\/\/everydayraquel.com\/boutique\/livres-editions\/la-couleur-de-tous-les-jours-livre-de-coloriage\/#primaryimage\",\"url\":\"https:\/\/everydayraquel.com\/wp-content\/uploads\/2021\/11\/montage_livre_coloriage_carre.jpg\",\"contentUrl\":\"https:\/\/everydayraquel.com\/wp-content\/uploads\/2021\/11\/montage_livre_coloriage_carre.jpg\",\"width\":900,\"height\":900},{\"@type\":\"BreadcrumbList\",\"@id\":\"https:\/\/everydayraquel.com\/boutique\/livres-editions\/la-couleur-de-tous-les-jours-livre-de-coloriage\/#breadcrumb\",\"itemListElement\":[{\"@type\":\"ListItem\",\"position\":1,\"name\":\"Accueil\",\"item\":\"https:\/\/everydayraquel.com\/\"},{\"@type\":\"ListItem\",\"position\":2,\"name\":\"Boutique en ligne\",\"item\":\"https:\/\/everydayraquel.com\/boutique\/\"},{\"@type\":\"ListItem\",\"position\":3,\"name\":\"La couleur de tous les jours &#8211; Livre de coloriage\"}]},{\"@type\":\"WebSite\",\"@id\":\"https:\/\/everydayraquel.com\/#website\",\"url\":\"https:\/\/everydayraquel.com\/\",\"name\":\"EverydayRaquel Art et Illustration\",\"description\":\"Un jour, un dessin\",\"publisher\":{\"@id\":\"https:\/\/everydayraquel.com\/#organization\"},\"alternateName\":\"Artiste Everyday Raquel\",\"potentialAction\":[{\"@type\":\"SearchAction\",\"target\":{\"@type\":\"EntryPoint\",\"urlTemplate\":\"https:\/\/everydayraquel.com\/?s={search_term_string}\"},\"query-input\":{\"@type\":\"PropertyValueSpecification\",\"valueRequired\":true,\"valueName\":\"search_term_string\"}}],\"inLanguage\":\"en-GB\"},{\"@type\":[\"Organization\",\"Place\",\"ArtGallery\"],\"@id\":\"https:\/\/everydayraquel.com\/#organization\",\"name\":\"Everyday Raquel\",\"alternateName\":\"Raquel Artiste Dunkerque\",\"url\":\"https:\/\/everydayraquel.com\/\",\"logo\":{\"@id\":\"https:\/\/everydayraquel.com\/boutique\/livres-editions\/la-couleur-de-tous-les-jours-livre-de-coloriage\/#local-main-organization-logo\"},\"image\":{\"@id\":\"https:\/\/everydayraquel.com\/boutique\/livres-editions\/la-couleur-de-tous-les-jours-livre-de-coloriage\/#local-main-organization-logo\"},\"sameAs\":[\"https:\/\/www.facebook.com\/everydayraquel\/\",\"https:\/\/www.instagram.com\/everydayraquel\/\"],\"description\":\"Artiste et illustratrice \u00e0 Dunkerque, je r\u00e9alise des dessins personnalis\u00e9s, vente d'affiches et de cadres, dessins du carnaval et des moments du quotidien. Street art, ateliers de dessins collectifs.\",\"legalName\":\"EveryDay Raquel\",\"foundingDate\":\"2020-07-27\",\"numberOfEmployees\":{\"@type\":\"QuantitativeValue\",\"minValue\":\"1\",\"maxValue\":\"10\"},\"address\":{\"@id\":\"https:\/\/everydayraquel.com\/boutique\/livres-editions\/la-couleur-de-tous-les-jours-livre-de-coloriage\/#local-main-place-address\"},\"telephone\":[],\"openingHoursSpecification\":[{\"@type\":\"OpeningHoursSpecification\",\"dayOfWeek\":[\"Monday\",\"Tuesday\",\"Wednesday\",\"Thursday\",\"Friday\"],\"opens\":\"09:30\",\"closes\":\"18:00\"},{\"@type\":\"OpeningHoursSpecification\",\"dayOfWeek\":[\"Saturday\"],\"opens\":\"10:00\",\"closes\":\"12:00\"},{\"@type\":\"OpeningHoursSpecification\",\"dayOfWeek\":[\"Sunday\"],\"opens\":\"00:00\",\"closes\":\"00:00\"}],\"email\":\"contact@everydayraquel.com\",\"areaServed\":\"Dunkerque, Grande-Synthe, Bergues, Calais, Hazebrouck, Lille,\",\"priceRange\":\"$$\",\"currenciesAccepted\":\"Euro\",\"paymentAccepted\":\"CB, liquide, cash, carte bancaire\"},{\"@type\":\"PostalAddress\",\"@id\":\"https:\/\/everydayraquel.com\/boutique\/livres-editions\/la-couleur-de-tous-les-jours-livre-de-coloriage\/#local-main-place-address\",\"streetAddress\":\"Rue Winston Churchill\",\"addressLocality\":\"Dunkerque\",\"postalCode\":\"59240\",\"addressCountry\":\"FR\"},{\"@type\":\"ImageObject\",\"inLanguage\":\"en-GB\",\"@id\":\"https:\/\/everydayraquel.com\/boutique\/livres-editions\/la-couleur-de-tous-les-jours-livre-de-coloriage\/#local-main-organization-logo\",\"url\":\"https:\/\/everydayraquel.com\/wp-content\/uploads\/2020\/11\/everydayraquel_logo_mirroir.png\",\"contentUrl\":\"https:\/\/everydayraquel.com\/wp-content\/uploads\/2020\/11\/everydayraquel_logo_mirroir.png\",\"width\":670,\"height\":290,\"caption\":\"Everyday Raquel\"}]}<\/script>\n<meta name=\"geo.placename\" content=\"Dunkerque\" \/>\n<meta name=\"geo.region\" content=\"France\" \/>","yoast_head_json":{"title":"La couleur de tous les jours - Livre de coloriage &#8211; EverydayRaquel","robots":{"index":"index","follow":"follow","max-snippet":"max-snippet:-1","max-image-preview":"max-image-preview:large","max-video-preview":"max-video-preview:-1"},"canonical":"https:\/\/everydayraquel.com\/en\/boutique\/livres-editions\/la-couleur-de-tous-les-jours-livre-de-coloriage\/","og_locale":"en_GB","og_type":"article","og_title":"La couleur de tous les jours - Livre de coloriage","og_description":"\u00ab La couleur de tous les jours \u00bb est un livre de coloriage artistique d\u00e9di\u00e9 aux enfants, qui leur permet de d\u00e9couvrir diff\u00e9rents lieux et situations de la vie quotidienne avec une touche de fantaisie.  Les illustrations faites \u00e0 la main \u00e9voquent 4 sujets diff\u00e9rents : La ville &amp; ses d\u00e9tails - Les quatre saisons - Science-fiction &amp; fantaisie - Plantes &amp; Nature.  Le livre est \u00e9dit\u00e9 au format A4 et contient 25 planches de dessins \u00e0 colorier + un dessin g\u00e9ant \u00e0 colorier (affiche au format 50x70cm).","og_url":"https:\/\/everydayraquel.com\/en\/boutique\/livres-editions\/la-couleur-de-tous-les-jours-livre-de-coloriage\/","og_site_name":"EverydayRaquel","article_publisher":"https:\/\/www.facebook.com\/everydayraquel\/","article_modified_time":"2022-06-16T20:28:35+00:00","og_image":[{"width":900,"height":900,"url":"https:\/\/everydayraquel.com\/wp-content\/uploads\/2021\/11\/montage_livre_coloriage_carre.jpg","type":"image\/jpeg"}],"twitter_card":"summary_large_image","twitter_misc":{"Estimated reading time":"1 minute"},"schema":{"@context":"https:\/\/schema.org","@graph":[{"@type":"WebPage","@id":"https:\/\/everydayraquel.com\/boutique\/livres-editions\/la-couleur-de-tous-les-jours-livre-de-coloriage\/","url":"https:\/\/everydayraquel.com\/boutique\/livres-editions\/la-couleur-de-tous-les-jours-livre-de-coloriage\/","name":"La couleur de tous les jours - Livre de coloriage &#8211; EverydayRaquel","isPartOf":{"@id":"https:\/\/everydayraquel.com\/#website"},"primaryImageOfPage":{"@id":"https:\/\/everydayraquel.com\/boutique\/livres-editions\/la-couleur-de-tous-les-jours-livre-de-coloriage\/#primaryimage"},"image":{"@id":"https:\/\/everydayraquel.com\/boutique\/livres-editions\/la-couleur-de-tous-les-jours-livre-de-coloriage\/#primaryimage"},"thumbnailUrl":"https:\/\/everydayraquel.com\/wp-content\/uploads\/2021\/11\/montage_livre_coloriage_carre.jpg","datePublished":"2021-11-25T15:50:57+00:00","dateModified":"2022-06-16T20:28:35+00:00","breadcrumb":{"@id":"https:\/\/everydayraquel.com\/boutique\/livres-editions\/la-couleur-de-tous-les-jours-livre-de-coloriage\/#breadcrumb"},"inLanguage":"en-GB","potentialAction":[{"@type":"ReadAction","target":["https:\/\/everydayraquel.com\/boutique\/livres-editions\/la-couleur-de-tous-les-jours-livre-de-coloriage\/"]}]},{"@type":"ImageObject","inLanguage":"en-GB","@id":"https:\/\/everydayraquel.com\/boutique\/livres-editions\/la-couleur-de-tous-les-jours-livre-de-coloriage\/#primaryimage","url":"https:\/\/everydayraquel.com\/wp-content\/uploads\/2021\/11\/montage_livre_coloriage_carre.jpg","contentUrl":"https:\/\/everydayraquel.com\/wp-content\/uploads\/2021\/11\/montage_livre_coloriage_carre.jpg","width":900,"height":900},{"@type":"BreadcrumbList","@id":"https:\/\/everydayraquel.com\/boutique\/livres-editions\/la-couleur-de-tous-les-jours-livre-de-coloriage\/#breadcrumb","itemListElement":[{"@type":"ListItem","position":1,"name":"Accueil","item":"https:\/\/everydayraquel.com\/"},{"@type":"ListItem","position":2,"name":"Boutique en ligne","item":"https:\/\/everydayraquel.com\/boutique\/"},{"@type":"ListItem","position":3,"name":"La couleur de tous les jours &#8211; Livre de coloriage"}]},{"@type":"WebSite","@id":"https:\/\/everydayraquel.com\/#website","url":"https:\/\/everydayraquel.com\/","name":"EverydayRaquel Art et Illustration","description":"Un jour, un dessin","publisher":{"@id":"https:\/\/everydayraquel.com\/#organization"},"alternateName":"Artiste Everyday Raquel","potentialAction":[{"@type":"SearchAction","target":{"@type":"EntryPoint","urlTemplate":"https:\/\/everydayraquel.com\/?s={search_term_string}"},"query-input":{"@type":"PropertyValueSpecification","valueRequired":true,"valueName":"search_term_string"}}],"inLanguage":"en-GB"},{"@type":["Organization","Place","ArtGallery"],"@id":"https:\/\/everydayraquel.com\/#organization","name":"Everyday Raquel","alternateName":"Raquel Artiste Dunkerque","url":"https:\/\/everydayraquel.com\/","logo":{"@id":"https:\/\/everydayraquel.com\/boutique\/livres-editions\/la-couleur-de-tous-les-jours-livre-de-coloriage\/#local-main-organization-logo"},"image":{"@id":"https:\/\/everydayraquel.com\/boutique\/livres-editions\/la-couleur-de-tous-les-jours-livre-de-coloriage\/#local-main-organization-logo"},"sameAs":["https:\/\/www.facebook.com\/everydayraquel\/","https:\/\/www.instagram.com\/everydayraquel\/"],"description":"Artiste et illustratrice \u00e0 Dunkerque, je r\u00e9alise des dessins personnalis\u00e9s, vente d'affiches et de cadres, dessins du carnaval et des moments du quotidien. Street art, ateliers de dessins collectifs.","legalName":"EveryDay Raquel","foundingDate":"2020-07-27","numberOfEmployees":{"@type":"QuantitativeValue","minValue":"1","maxValue":"10"},"address":{"@id":"https:\/\/everydayraquel.com\/boutique\/livres-editions\/la-couleur-de-tous-les-jours-livre-de-coloriage\/#local-main-place-address"},"telephone":[],"openingHoursSpecification":[{"@type":"OpeningHoursSpecification","dayOfWeek":["Monday","Tuesday","Wednesday","Thursday","Friday"],"opens":"09:30","closes":"18:00"},{"@type":"OpeningHoursSpecification","dayOfWeek":["Saturday"],"opens":"10:00","closes":"12:00"},{"@type":"OpeningHoursSpecification","dayOfWeek":["Sunday"],"opens":"00:00","closes":"00:00"}],"email":"contact@everydayraquel.com","areaServed":"Dunkerque, Grande-Synthe, Bergues, Calais, Hazebrouck, Lille,","priceRange":"$$","currenciesAccepted":"Euro","paymentAccepted":"CB, liquide, cash, carte bancaire"},{"@type":"PostalAddress","@id":"https:\/\/everydayraquel.com\/boutique\/livres-editions\/la-couleur-de-tous-les-jours-livre-de-coloriage\/#local-main-place-address","streetAddress":"Rue Winston Churchill","addressLocality":"Dunkerque","postalCode":"59240","addressCountry":"FR"},{"@type":"ImageObject","inLanguage":"en-GB","@id":"https:\/\/everydayraquel.com\/boutique\/livres-editions\/la-couleur-de-tous-les-jours-livre-de-coloriage\/#local-main-organization-logo","url":"https:\/\/everydayraquel.com\/wp-content\/uploads\/2020\/11\/everydayraquel_logo_mirroir.png","contentUrl":"https:\/\/everydayraquel.com\/wp-content\/uploads\/2020\/11\/everydayraquel_logo_mirroir.png","width":670,"height":290,"caption":"Everyday Raquel"}]},"geo.placename":"Dunkerque","geo.region":"France"},"_links":{"self":[{"href":"https:\/\/everydayraquel.com\/en\/wp-json\/wp\/v2\/product\/3831","targetHints":{"allow":["GET"]}}],"collection":[{"href":"https:\/\/everydayraquel.com\/en\/wp-json\/wp\/v2\/product"}],"about":[{"href":"https:\/\/everydayraquel.com\/en\/wp-json\/wp\/v2\/types\/product"}],"wp:featuredmedia":[{"embeddable":true,"href":"https:\/\/everydayraquel.com\/en\/wp-json\/wp\/v2\/media\/3916"}],"wp:attachment":[{"href":"https:\/\/everydayraquel.com\/en\/wp-json\/wp\/v2\/media?parent=3831"}],"wp:term":[{"taxonomy":"product_brand","embeddable":true,"href":"https:\/\/everydayraquel.com\/en\/wp-json\/wp\/v2\/product_brand?post=3831"},{"taxonomy":"product_cat","embeddable":true,"href":"https:\/\/everydayraquel.com\/en\/wp-json\/wp\/v2\/product_cat?post=3831"},{"taxonomy":"product_tag","embeddable":true,"href":"https:\/\/everydayraquel.com\/en\/wp-json\/wp\/v2\/product_tag?post=3831"}],"curies":[{"name":"wp","href":"https:\/\/api.w.org\/{rel}","templated":true}]}}