{"id":3153,"date":"2020-12-05T18:55:25","date_gmt":"2020-12-05T17:55:25","guid":{"rendered":"https:\/\/everydayraquel.com\/?post_type=product&#038;p=3153"},"modified":"2022-05-30T22:37:18","modified_gmt":"2022-05-30T20:37:18","slug":"cartes-postales-illustrees","status":"publish","type":"product","link":"https:\/\/everydayraquel.com\/en\/boutique\/cartes-illustrees-speciales\/cartes-postales-illustrees\/","title":{"rendered":"Assortiment de Cartes Postales Illustr\u00e9es"},"content":{"rendered":"<div class=\"elementor-element elementor-element-3933f15 elementor-widget elementor-widget-text-editor\" data-id=\"3933f15\" data-element_type=\"widget\" data-widget_type=\"text-editor.default\">\n<div class=\"elementor-widget-container\">\n<div class=\"elementor-text-editor elementor-clearfix\">\n<p style=\"text-align: center;\">Profitez de cette p\u00e9riode pour offrir et envoyer vos<br \/>\nv\u0153ux sur des cartes illustr\u00e9es uniques !<\/p>\n<p style=\"text-align: center;\">Pour vous, j\u2019ai cr\u00e9\u00e9 un assortiment de 10 cartes\u00a0au<br \/>\nformat 14,7 x 10 cm.<\/p>\n<p style=\"text-align: center;\">Each illustration was specially selected from my drawing collection.<br \/>\n\u00e0 partir de ma collection de dessins pour accompagner<br \/>\nvos courriers.<\/p>\n<\/div>\n<\/div>\n<\/div>","protected":false},"excerpt":{"rendered":"<p>D\u00e9couvrez ce lot de 10 cartes au format 14,7 x 10 cm, s\u00e9rie sp\u00e9ciale ! La carte a une bordure blanche de 3 mm autour du dessin. Un espace est pr\u00e9vu en verso pour \u00e9crire votre message.<\/p>\n<p>The assorted drawings are :<br \/>\n<a href=\"https:\/\/everydayraquel.com\/en\/boutique\/vues-a-vol-doiseau\/dans-la-neige\/\">\u00ab\u00a0Dans la neige\u00a0\u00bb<\/a> ; <a href=\"https:\/\/everydayraquel.com\/en\/boutique\/vues-a-vol-doiseau\/dormir-ensemble\/\">\u00ab\u00a0Dormir ensemble\u00a0\u00bb<\/a> ; <a href=\"https:\/\/everydayraquel.com\/en\/boutique\/univers-et-espace\/love-death-robots\/\">Fish Night<\/a> ; <a href=\"https:\/\/everydayraquel.com\/en\/boutique\/loisirs-travail\/pumpkin-pie\/\">Pumpkin pie<\/a> ;\u00a0<a href=\"https:\/\/everydayraquel.com\/en\/boutique\/tous-les-produits\/marche-dautomne\/\">\u00ab\u00a0March\u00e9 d&rsquo;Automne\u00a0\u00bb<\/a> ; <a href=\"https:\/\/everydayraquel.com\/en\/boutique\/tous-les-produits\/calins-de-bienvenue\/\">\u00ab\u00a0C\u00e2lins de bienvenue\u00a0\u00bb<\/a> ; <a href=\"https:\/\/everydayraquel.com\/en\/boutique\/univers-et-espace\/grandir-ensemble\/\">\u00ab\u00a0Grandir ensemble\u00a0\u00bb<\/a> ; <a href=\"https:\/\/everydayraquel.com\/en\/boutique\/tous-les-produits\/sous-les-draps\/\">\u00ab\u00a0Sous les draps\u00a0\u00bb<\/a> ; <a href=\"https:\/\/everydayraquel.com\/en\/boutique\/vues-a-vol-doiseau\/pates-faites-maison\/\">\u00ab\u00a0P\u00e2tes faites maison\u00a0\u00bb<\/a> ; \u00ab\u00a0Raclette\u00a0\u00bb<\/p>\n<p>Happy Holidays \u2764 !<\/p>","protected":false},"featured_media":3148,"template":"","meta":{"site-sidebar-layout":"default","site-content-layout":"default","ast-site-content-layout":"default","site-content-style":"default","site-sidebar-style":"default","ast-global-header-display":"","ast-banner-title-visibility":"","ast-main-header-display":"","ast-hfb-above-header-display":"","ast-hfb-below-header-display":"","ast-hfb-mobile-header-display":"","site-post-title":"","ast-breadcrumbs-content":"","ast-featured-img":"","footer-sml-layout":"","ast-disable-related-posts":"","theme-transparent-header-meta":"default","adv-header-id-meta":"","stick-header-meta":"","header-above-stick-meta":"","header-main-stick-meta":"","header-below-stick-meta":"","astra-migrate-meta-layouts":"default","ast-page-background-enabled":"default","ast-page-background-meta":{"desktop":{"background-color":"","background-image":"","background-repeat":"repeat","background-position":"center center","background-size":"auto","background-attachment":"scroll","background-type":"","background-media":"","overlay-type":"","overlay-color":"","overlay-opacity":"","overlay-gradient":""},"tablet":{"background-color":"","background-image":"","background-repeat":"repeat","background-position":"center center","background-size":"auto","background-attachment":"scroll","background-type":"","background-media":"","overlay-type":"","overlay-color":"","overlay-opacity":"","overlay-gradient":""},"mobile":{"background-color":"","background-image":"","background-repeat":"repeat","background-position":"center center","background-size":"auto","background-attachment":"scroll","background-type":"","background-media":"","overlay-type":"","overlay-color":"","overlay-opacity":"","overlay-gradient":""}},"ast-content-background-meta":{"desktop":{"background-color":"var(--ast-global-color-5)","background-image":"","background-repeat":"repeat","background-position":"center center","background-size":"auto","background-attachment":"scroll","background-type":"","background-media":"","overlay-type":"","overlay-color":"","overlay-opacity":"","overlay-gradient":""},"tablet":{"background-color":"var(--ast-global-color-5)","background-image":"","background-repeat":"repeat","background-position":"center center","background-size":"auto","background-attachment":"scroll","background-type":"","background-media":"","overlay-type":"","overlay-color":"","overlay-opacity":"","overlay-gradient":""},"mobile":{"background-color":"var(--ast-global-color-5)","background-image":"","background-repeat":"repeat","background-position":"center center","background-size":"auto","background-attachment":"scroll","background-type":"","background-media":"","overlay-type":"","overlay-color":"","overlay-opacity":"","overlay-gradient":""}}},"product_brand":[],"product_cat":[78],"product_tag":[],"class_list":{"0":"post-3153","1":"product","2":"type-product","3":"status-publish","4":"has-post-thumbnail","6":"product_cat-cartes-illustrees-speciales","7":"desktop-align-left","8":"tablet-align-left","9":"mobile-align-left","11":"first","12":"outofstock","13":"shipping-taxable","14":"purchasable","15":"product-type-simple"},"yoast_head":"<title>Assortiment de Cartes Postales Illustr\u00e9es &#8211; EverydayRaquel<\/title>\n<meta name=\"robots\" content=\"index, follow, max-snippet:-1, max-image-preview:large, max-video-preview:-1\" \/>\n<link rel=\"canonical\" href=\"https:\/\/everydayraquel.com\/en\/boutique\/cartes-illustrees-speciales\/cartes-postales-illustrees\/\" \/>\n<meta property=\"og:locale\" content=\"en_GB\" \/>\n<meta property=\"og:type\" content=\"article\" \/>\n<meta property=\"og:title\" content=\"Assortiment de Cartes Postales Illustr\u00e9es\" \/>\n<meta property=\"og:description\" content=\"D\u00e9couvrez ce lot de 10 cartes au format 14,7 x 10 cm, s\u00e9rie sp\u00e9ciale ! La carte a une bordure blanche de 3 mm autour du dessin. Un espace est pr\u00e9vu en verso pour \u00e9crire votre message.  Les dessins de l&#039;assortiment sont : &quot;Dans la neige&quot; ; &quot;Dormir ensemble&quot; ; &quot;Fish Night&quot; ; &quot;Pumpkin pie&quot; ;\u00a0&quot;March\u00e9 d&#039;Automne&quot; ; &quot;C\u00e2lins de bienvenue&quot; ; &quot;Grandir ensemble&quot; ; &quot;Sous les draps&quot; ; &quot;P\u00e2tes faites maison&quot; ; &quot;Raclette&quot;  Bonnes F\u00eates de fin d&#039;ann\u00e9e \u2764 !\" \/>\n<meta property=\"og:url\" content=\"https:\/\/everydayraquel.com\/en\/boutique\/cartes-illustrees-speciales\/cartes-postales-illustrees\/\" \/>\n<meta property=\"og:site_name\" content=\"EverydayRaquel\" \/>\n<meta property=\"article:publisher\" content=\"https:\/\/www.facebook.com\/everydayraquel\/\" \/>\n<meta property=\"article:modified_time\" content=\"2022-05-30T20:37:18+00:00\" \/>\n<meta property=\"og:image\" content=\"https:\/\/everydayraquel.com\/wp-content\/uploads\/2020\/12\/cartspostales_illsutrees_collage.jpg\" \/>\n\t<meta property=\"og:image:width\" content=\"1080\" \/>\n\t<meta property=\"og:image:height\" content=\"1080\" \/>\n\t<meta property=\"og:image:type\" content=\"image\/jpeg\" \/>\n<meta name=\"twitter:card\" content=\"summary_large_image\" \/>\n<meta name=\"twitter:label1\" content=\"Estimated reading time\" \/>\n\t<meta name=\"twitter:data1\" content=\"1 minute\" \/>\n<script type=\"application\/ld+json\" class=\"yoast-schema-graph\">{\"@context\":\"https:\/\/schema.org\",\"@graph\":[{\"@type\":\"WebPage\",\"@id\":\"https:\/\/everydayraquel.com\/boutique\/cartes-illustrees-speciales\/cartes-postales-illustrees\/\",\"url\":\"https:\/\/everydayraquel.com\/boutique\/cartes-illustrees-speciales\/cartes-postales-illustrees\/\",\"name\":\"Assortiment de Cartes Postales Illustr\u00e9es &#8211; EverydayRaquel\",\"isPartOf\":{\"@id\":\"https:\/\/everydayraquel.com\/#website\"},\"primaryImageOfPage\":{\"@id\":\"https:\/\/everydayraquel.com\/boutique\/cartes-illustrees-speciales\/cartes-postales-illustrees\/#primaryimage\"},\"image\":{\"@id\":\"https:\/\/everydayraquel.com\/boutique\/cartes-illustrees-speciales\/cartes-postales-illustrees\/#primaryimage\"},\"thumbnailUrl\":\"https:\/\/everydayraquel.com\/wp-content\/uploads\/2020\/12\/cartspostales_illsutrees_collage.jpg\",\"datePublished\":\"2020-12-05T17:55:25+00:00\",\"dateModified\":\"2022-05-30T20:37:18+00:00\",\"breadcrumb\":{\"@id\":\"https:\/\/everydayraquel.com\/boutique\/cartes-illustrees-speciales\/cartes-postales-illustrees\/#breadcrumb\"},\"inLanguage\":\"en-GB\",\"potentialAction\":[{\"@type\":\"ReadAction\",\"target\":[\"https:\/\/everydayraquel.com\/boutique\/cartes-illustrees-speciales\/cartes-postales-illustrees\/\"]}]},{\"@type\":\"ImageObject\",\"inLanguage\":\"en-GB\",\"@id\":\"https:\/\/everydayraquel.com\/boutique\/cartes-illustrees-speciales\/cartes-postales-illustrees\/#primaryimage\",\"url\":\"https:\/\/everydayraquel.com\/wp-content\/uploads\/2020\/12\/cartspostales_illsutrees_collage.jpg\",\"contentUrl\":\"https:\/\/everydayraquel.com\/wp-content\/uploads\/2020\/12\/cartspostales_illsutrees_collage.jpg\",\"width\":1080,\"height\":1080},{\"@type\":\"BreadcrumbList\",\"@id\":\"https:\/\/everydayraquel.com\/boutique\/cartes-illustrees-speciales\/cartes-postales-illustrees\/#breadcrumb\",\"itemListElement\":[{\"@type\":\"ListItem\",\"position\":1,\"name\":\"Accueil\",\"item\":\"https:\/\/everydayraquel.com\/\"},{\"@type\":\"ListItem\",\"position\":2,\"name\":\"Boutique en ligne\",\"item\":\"https:\/\/everydayraquel.com\/boutique\/\"},{\"@type\":\"ListItem\",\"position\":3,\"name\":\"Assortiment de Cartes Postales Illustr\u00e9es\"}]},{\"@type\":\"WebSite\",\"@id\":\"https:\/\/everydayraquel.com\/#website\",\"url\":\"https:\/\/everydayraquel.com\/\",\"name\":\"EverydayRaquel Art et Illustration\",\"description\":\"Un jour, un dessin\",\"publisher\":{\"@id\":\"https:\/\/everydayraquel.com\/#organization\"},\"alternateName\":\"Artiste Everyday Raquel\",\"potentialAction\":[{\"@type\":\"SearchAction\",\"target\":{\"@type\":\"EntryPoint\",\"urlTemplate\":\"https:\/\/everydayraquel.com\/?s={search_term_string}\"},\"query-input\":{\"@type\":\"PropertyValueSpecification\",\"valueRequired\":true,\"valueName\":\"search_term_string\"}}],\"inLanguage\":\"en-GB\"},{\"@type\":[\"Organization\",\"Place\",\"ArtGallery\"],\"@id\":\"https:\/\/everydayraquel.com\/#organization\",\"name\":\"Everyday Raquel\",\"alternateName\":\"Raquel Artiste Dunkerque\",\"url\":\"https:\/\/everydayraquel.com\/\",\"logo\":{\"@id\":\"https:\/\/everydayraquel.com\/boutique\/cartes-illustrees-speciales\/cartes-postales-illustrees\/#local-main-organization-logo\"},\"image\":{\"@id\":\"https:\/\/everydayraquel.com\/boutique\/cartes-illustrees-speciales\/cartes-postales-illustrees\/#local-main-organization-logo\"},\"sameAs\":[\"https:\/\/www.facebook.com\/everydayraquel\/\",\"https:\/\/www.instagram.com\/everydayraquel\/\"],\"description\":\"Artiste et illustratrice \u00e0 Dunkerque, je r\u00e9alise des dessins personnalis\u00e9s, vente d'affiches et de cadres, dessins du carnaval et des moments du quotidien. Street art, ateliers de dessins collectifs.\",\"legalName\":\"EveryDay Raquel\",\"foundingDate\":\"2020-07-27\",\"numberOfEmployees\":{\"@type\":\"QuantitativeValue\",\"minValue\":\"1\",\"maxValue\":\"10\"},\"address\":{\"@id\":\"https:\/\/everydayraquel.com\/boutique\/cartes-illustrees-speciales\/cartes-postales-illustrees\/#local-main-place-address\"},\"telephone\":[],\"openingHoursSpecification\":[{\"@type\":\"OpeningHoursSpecification\",\"dayOfWeek\":[\"Monday\",\"Tuesday\",\"Wednesday\",\"Thursday\",\"Friday\"],\"opens\":\"09:30\",\"closes\":\"18:00\"},{\"@type\":\"OpeningHoursSpecification\",\"dayOfWeek\":[\"Saturday\"],\"opens\":\"10:00\",\"closes\":\"12:00\"},{\"@type\":\"OpeningHoursSpecification\",\"dayOfWeek\":[\"Sunday\"],\"opens\":\"00:00\",\"closes\":\"00:00\"}],\"email\":\"contact@everydayraquel.com\",\"areaServed\":\"Dunkerque, Grande-Synthe, Bergues, Calais, Hazebrouck, Lille,\",\"priceRange\":\"$$\",\"currenciesAccepted\":\"Euro\",\"paymentAccepted\":\"CB, liquide, cash, carte bancaire\"},{\"@type\":\"PostalAddress\",\"@id\":\"https:\/\/everydayraquel.com\/boutique\/cartes-illustrees-speciales\/cartes-postales-illustrees\/#local-main-place-address\",\"streetAddress\":\"Rue Winston Churchill\",\"addressLocality\":\"Dunkerque\",\"postalCode\":\"59240\",\"addressCountry\":\"FR\"},{\"@type\":\"ImageObject\",\"inLanguage\":\"en-GB\",\"@id\":\"https:\/\/everydayraquel.com\/boutique\/cartes-illustrees-speciales\/cartes-postales-illustrees\/#local-main-organization-logo\",\"url\":\"https:\/\/everydayraquel.com\/wp-content\/uploads\/2020\/11\/everydayraquel_logo_mirroir.png\",\"contentUrl\":\"https:\/\/everydayraquel.com\/wp-content\/uploads\/2020\/11\/everydayraquel_logo_mirroir.png\",\"width\":670,\"height\":290,\"caption\":\"Everyday Raquel\"}]}<\/script>\n<meta name=\"geo.placename\" content=\"Dunkerque\" \/>\n<meta name=\"geo.region\" content=\"France\" \/>","yoast_head_json":{"title":"Assortiment de Cartes Postales Illustr\u00e9es &#8211; EverydayRaquel","robots":{"index":"index","follow":"follow","max-snippet":"max-snippet:-1","max-image-preview":"max-image-preview:large","max-video-preview":"max-video-preview:-1"},"canonical":"https:\/\/everydayraquel.com\/en\/boutique\/cartes-illustrees-speciales\/cartes-postales-illustrees\/","og_locale":"en_GB","og_type":"article","og_title":"Assortiment de Cartes Postales Illustr\u00e9es","og_description":"D\u00e9couvrez ce lot de 10 cartes au format 14,7 x 10 cm, s\u00e9rie sp\u00e9ciale ! La carte a une bordure blanche de 3 mm autour du dessin. Un espace est pr\u00e9vu en verso pour \u00e9crire votre message.  Les dessins de l'assortiment sont : \"Dans la neige\" ; \"Dormir ensemble\" ; \"Fish Night\" ; \"Pumpkin pie\" ;\u00a0\"March\u00e9 d'Automne\" ; \"C\u00e2lins de bienvenue\" ; \"Grandir ensemble\" ; \"Sous les draps\" ; \"P\u00e2tes faites maison\" ; \"Raclette\"  Bonnes F\u00eates de fin d'ann\u00e9e \u2764 !","og_url":"https:\/\/everydayraquel.com\/en\/boutique\/cartes-illustrees-speciales\/cartes-postales-illustrees\/","og_site_name":"EverydayRaquel","article_publisher":"https:\/\/www.facebook.com\/everydayraquel\/","article_modified_time":"2022-05-30T20:37:18+00:00","og_image":[{"width":1080,"height":1080,"url":"https:\/\/everydayraquel.com\/wp-content\/uploads\/2020\/12\/cartspostales_illsutrees_collage.jpg","type":"image\/jpeg"}],"twitter_card":"summary_large_image","twitter_misc":{"Estimated reading time":"1 minute"},"schema":{"@context":"https:\/\/schema.org","@graph":[{"@type":"WebPage","@id":"https:\/\/everydayraquel.com\/boutique\/cartes-illustrees-speciales\/cartes-postales-illustrees\/","url":"https:\/\/everydayraquel.com\/boutique\/cartes-illustrees-speciales\/cartes-postales-illustrees\/","name":"Assortiment de Cartes Postales Illustr\u00e9es &#8211; EverydayRaquel","isPartOf":{"@id":"https:\/\/everydayraquel.com\/#website"},"primaryImageOfPage":{"@id":"https:\/\/everydayraquel.com\/boutique\/cartes-illustrees-speciales\/cartes-postales-illustrees\/#primaryimage"},"image":{"@id":"https:\/\/everydayraquel.com\/boutique\/cartes-illustrees-speciales\/cartes-postales-illustrees\/#primaryimage"},"thumbnailUrl":"https:\/\/everydayraquel.com\/wp-content\/uploads\/2020\/12\/cartspostales_illsutrees_collage.jpg","datePublished":"2020-12-05T17:55:25+00:00","dateModified":"2022-05-30T20:37:18+00:00","breadcrumb":{"@id":"https:\/\/everydayraquel.com\/boutique\/cartes-illustrees-speciales\/cartes-postales-illustrees\/#breadcrumb"},"inLanguage":"en-GB","potentialAction":[{"@type":"ReadAction","target":["https:\/\/everydayraquel.com\/boutique\/cartes-illustrees-speciales\/cartes-postales-illustrees\/"]}]},{"@type":"ImageObject","inLanguage":"en-GB","@id":"https:\/\/everydayraquel.com\/boutique\/cartes-illustrees-speciales\/cartes-postales-illustrees\/#primaryimage","url":"https:\/\/everydayraquel.com\/wp-content\/uploads\/2020\/12\/cartspostales_illsutrees_collage.jpg","contentUrl":"https:\/\/everydayraquel.com\/wp-content\/uploads\/2020\/12\/cartspostales_illsutrees_collage.jpg","width":1080,"height":1080},{"@type":"BreadcrumbList","@id":"https:\/\/everydayraquel.com\/boutique\/cartes-illustrees-speciales\/cartes-postales-illustrees\/#breadcrumb","itemListElement":[{"@type":"ListItem","position":1,"name":"Accueil","item":"https:\/\/everydayraquel.com\/"},{"@type":"ListItem","position":2,"name":"Boutique en ligne","item":"https:\/\/everydayraquel.com\/boutique\/"},{"@type":"ListItem","position":3,"name":"Assortiment de Cartes Postales Illustr\u00e9es"}]},{"@type":"WebSite","@id":"https:\/\/everydayraquel.com\/#website","url":"https:\/\/everydayraquel.com\/","name":"EverydayRaquel Art et Illustration","description":"Un jour, un dessin","publisher":{"@id":"https:\/\/everydayraquel.com\/#organization"},"alternateName":"Artiste Everyday Raquel","potentialAction":[{"@type":"SearchAction","target":{"@type":"EntryPoint","urlTemplate":"https:\/\/everydayraquel.com\/?s={search_term_string}"},"query-input":{"@type":"PropertyValueSpecification","valueRequired":true,"valueName":"search_term_string"}}],"inLanguage":"en-GB"},{"@type":["Organization","Place","ArtGallery"],"@id":"https:\/\/everydayraquel.com\/#organization","name":"Everyday Raquel","alternateName":"Raquel Artiste Dunkerque","url":"https:\/\/everydayraquel.com\/","logo":{"@id":"https:\/\/everydayraquel.com\/boutique\/cartes-illustrees-speciales\/cartes-postales-illustrees\/#local-main-organization-logo"},"image":{"@id":"https:\/\/everydayraquel.com\/boutique\/cartes-illustrees-speciales\/cartes-postales-illustrees\/#local-main-organization-logo"},"sameAs":["https:\/\/www.facebook.com\/everydayraquel\/","https:\/\/www.instagram.com\/everydayraquel\/"],"description":"Artiste et illustratrice \u00e0 Dunkerque, je r\u00e9alise des dessins personnalis\u00e9s, vente d'affiches et de cadres, dessins du carnaval et des moments du quotidien. Street art, ateliers de dessins collectifs.","legalName":"EveryDay Raquel","foundingDate":"2020-07-27","numberOfEmployees":{"@type":"QuantitativeValue","minValue":"1","maxValue":"10"},"address":{"@id":"https:\/\/everydayraquel.com\/boutique\/cartes-illustrees-speciales\/cartes-postales-illustrees\/#local-main-place-address"},"telephone":[],"openingHoursSpecification":[{"@type":"OpeningHoursSpecification","dayOfWeek":["Monday","Tuesday","Wednesday","Thursday","Friday"],"opens":"09:30","closes":"18:00"},{"@type":"OpeningHoursSpecification","dayOfWeek":["Saturday"],"opens":"10:00","closes":"12:00"},{"@type":"OpeningHoursSpecification","dayOfWeek":["Sunday"],"opens":"00:00","closes":"00:00"}],"email":"contact@everydayraquel.com","areaServed":"Dunkerque, Grande-Synthe, Bergues, Calais, Hazebrouck, Lille,","priceRange":"$$","currenciesAccepted":"Euro","paymentAccepted":"CB, liquide, cash, carte bancaire"},{"@type":"PostalAddress","@id":"https:\/\/everydayraquel.com\/boutique\/cartes-illustrees-speciales\/cartes-postales-illustrees\/#local-main-place-address","streetAddress":"Rue Winston Churchill","addressLocality":"Dunkerque","postalCode":"59240","addressCountry":"FR"},{"@type":"ImageObject","inLanguage":"en-GB","@id":"https:\/\/everydayraquel.com\/boutique\/cartes-illustrees-speciales\/cartes-postales-illustrees\/#local-main-organization-logo","url":"https:\/\/everydayraquel.com\/wp-content\/uploads\/2020\/11\/everydayraquel_logo_mirroir.png","contentUrl":"https:\/\/everydayraquel.com\/wp-content\/uploads\/2020\/11\/everydayraquel_logo_mirroir.png","width":670,"height":290,"caption":"Everyday Raquel"}]},"geo.placename":"Dunkerque","geo.region":"France"},"_links":{"self":[{"href":"https:\/\/everydayraquel.com\/en\/wp-json\/wp\/v2\/product\/3153","targetHints":{"allow":["GET"]}}],"collection":[{"href":"https:\/\/everydayraquel.com\/en\/wp-json\/wp\/v2\/product"}],"about":[{"href":"https:\/\/everydayraquel.com\/en\/wp-json\/wp\/v2\/types\/product"}],"wp:featuredmedia":[{"embeddable":true,"href":"https:\/\/everydayraquel.com\/en\/wp-json\/wp\/v2\/media\/3148"}],"wp:attachment":[{"href":"https:\/\/everydayraquel.com\/en\/wp-json\/wp\/v2\/media?parent=3153"}],"wp:term":[{"taxonomy":"product_brand","embeddable":true,"href":"https:\/\/everydayraquel.com\/en\/wp-json\/wp\/v2\/product_brand?post=3153"},{"taxonomy":"product_cat","embeddable":true,"href":"https:\/\/everydayraquel.com\/en\/wp-json\/wp\/v2\/product_cat?post=3153"},{"taxonomy":"product_tag","embeddable":true,"href":"https:\/\/everydayraquel.com\/en\/wp-json\/wp\/v2\/product_tag?post=3153"}],"curies":[{"name":"wp","href":"https:\/\/api.w.org\/{rel}","templated":true}]}}