{"id":1618,"date":"2017-12-13T13:04:26","date_gmt":"2017-12-13T12:04:26","guid":{"rendered":"https:\/\/everydayraquel.com\/cart\/"},"modified":"2022-07-21T00:43:53","modified_gmt":"2022-07-20T22:43:53","slug":"panier","status":"publish","type":"page","link":"https:\/\/everydayraquel.com\/en\/boutique\/panier\/","title":{"rendered":"Cart"},"content":{"rendered":"<div data-elementor-type=\"wp-page\" data-elementor-id=\"1618\" class=\"elementor elementor-1618\" data-elementor-post-type=\"page\">\n\t\t\t\t\t\t<section class=\"elementor-section elementor-top-section elementor-element elementor-element-d37735a elementor-section-boxed elementor-section-height-default elementor-section-height-default\" data-id=\"d37735a\" data-element_type=\"section\" data-e-type=\"section\" data-settings=\"{&quot;background_background&quot;:&quot;gradient&quot;}\">\n\t\t\t\t\t\t<div class=\"elementor-container elementor-column-gap-default\">\n\t\t\t\t\t<div class=\"elementor-column elementor-col-100 elementor-top-column elementor-element elementor-element-66d45d52\" data-id=\"66d45d52\" data-element_type=\"column\" data-e-type=\"column\">\n\t\t\t<div class=\"elementor-widget-wrap elementor-element-populated\">\n\t\t\t\t\t\t<div class=\"elementor-element elementor-element-265269f elementor-widget elementor-widget-breadcrumbs\" data-id=\"265269f\" data-element_type=\"widget\" data-e-type=\"widget\" data-widget_type=\"breadcrumbs.default\">\n\t\t\t\t<div class=\"elementor-widget-container\">\n\t\t\t\t\t<p id=\"breadcrumbs\"><span><span><a href=\"https:\/\/everydayraquel.com\/en\/\">Home<\/a><\/span><\/span><\/p>\t\t\t\t<\/div>\n\t\t\t\t<\/div>\n\t\t\t\t<div class=\"elementor-element elementor-element-7f923245 elementor-widget elementor-widget-shortcode\" data-id=\"7f923245\" data-element_type=\"widget\" data-e-type=\"widget\" data-widget_type=\"shortcode.default\">\n\t\t\t\t<div class=\"elementor-widget-container\">\n\t\t\t\t\t\t\t<div class=\"elementor-shortcode\"><\/div>\n\t\t\t\t\t\t<\/div>\n\t\t\t\t<\/div>\n\t\t\t\t\t<\/div>\n\t\t<\/div>\n\t\t\t\t\t<\/div>\n\t\t<\/section>\n\t\t\t\t<\/div>","protected":false},"excerpt":{"rendered":"","protected":false},"author":1,"featured_media":0,"parent":1928,"menu_order":0,"comment_status":"closed","ping_status":"closed","template":"","meta":{"site-sidebar-layout":"no-sidebar","site-content-layout":"page-builder","ast-site-content-layout":"default","site-content-style":"default","site-sidebar-style":"default","ast-global-header-display":"","ast-banner-title-visibility":"","ast-main-header-display":"","ast-hfb-above-header-display":"","ast-hfb-below-header-display":"","ast-hfb-mobile-header-display":"","site-post-title":"disabled","ast-breadcrumbs-content":"","ast-featured-img":"disabled","footer-sml-layout":"","ast-disable-related-posts":"","theme-transparent-header-meta":"","adv-header-id-meta":"","stick-header-meta":"","header-above-stick-meta":"","header-main-stick-meta":"","header-below-stick-meta":"","astra-migrate-meta-layouts":"default","ast-page-background-enabled":"default","ast-page-background-meta":{"desktop":{"background-color":"","background-image":"","background-repeat":"repeat","background-position":"center center","background-size":"auto","background-attachment":"scroll","background-type":"","background-media":"","overlay-type":"","overlay-color":"","overlay-opacity":"","overlay-gradient":""},"tablet":{"background-color":"","background-image":"","background-repeat":"repeat","background-position":"center center","background-size":"auto","background-attachment":"scroll","background-type":"","background-media":"","overlay-type":"","overlay-color":"","overlay-opacity":"","overlay-gradient":""},"mobile":{"background-color":"","background-image":"","background-repeat":"repeat","background-position":"center center","background-size":"auto","background-attachment":"scroll","background-type":"","background-media":"","overlay-type":"","overlay-color":"","overlay-opacity":"","overlay-gradient":""}},"ast-content-background-meta":{"desktop":{"background-color":"var(--ast-global-color-5)","background-image":"","background-repeat":"repeat","background-position":"center center","background-size":"auto","background-attachment":"scroll","background-type":"","background-media":"","overlay-type":"","overlay-color":"","overlay-opacity":"","overlay-gradient":""},"tablet":{"background-color":"var(--ast-global-color-5)","background-image":"","background-repeat":"repeat","background-position":"center center","background-size":"auto","background-attachment":"scroll","background-type":"","background-media":"","overlay-type":"","overlay-color":"","overlay-opacity":"","overlay-gradient":""},"mobile":{"background-color":"var(--ast-global-color-5)","background-image":"","background-repeat":"repeat","background-position":"center center","background-size":"auto","background-attachment":"scroll","background-type":"","background-media":"","overlay-type":"","overlay-color":"","overlay-opacity":"","overlay-gradient":""}},"footnotes":""},"class_list":["post-1618","page","type-page","status-publish","hentry"],"yoast_head":"<title>Mon Panier &#8211; EverydayRaquel<\/title>\n<meta name=\"robots\" content=\"index, follow, max-snippet:-1, max-image-preview:large, max-video-preview:-1\" \/>\n<link rel=\"canonical\" href=\"https:\/\/everydayraquel.com\/en\/boutique\/panier\/\" \/>\n<meta property=\"og:locale\" content=\"en_GB\" \/>\n<meta property=\"og:type\" content=\"article\" \/>\n<meta property=\"og:title\" content=\"Mon Panier\" \/>\n<meta property=\"og:url\" content=\"https:\/\/everydayraquel.com\/en\/boutique\/panier\/\" \/>\n<meta property=\"og:site_name\" content=\"EverydayRaquel\" \/>\n<meta property=\"article:publisher\" content=\"https:\/\/www.facebook.com\/everydayraquel\/\" \/>\n<meta property=\"article:modified_time\" content=\"2022-07-20T22:43:53+00:00\" \/>\n<meta property=\"og:image\" content=\"https:\/\/everydayraquel.com\/wp-content\/uploads\/2020\/11\/everydayraquel_logo_mirroir.png\" \/>\n\t<meta property=\"og:image:width\" content=\"670\" \/>\n\t<meta property=\"og:image:height\" content=\"290\" \/>\n\t<meta property=\"og:image:type\" content=\"image\/png\" \/>\n<meta name=\"twitter:card\" content=\"summary_large_image\" \/>\n<meta name=\"twitter:label1\" content=\"Estimated reading time\" \/>\n\t<meta name=\"twitter:data1\" content=\"1 minute\" \/>\n<script type=\"application\/ld+json\" class=\"yoast-schema-graph\">{\"@context\":\"https:\/\/schema.org\",\"@graph\":[{\"@type\":\"WebPage\",\"@id\":\"https:\/\/everydayraquel.com\/boutique\/panier\/\",\"url\":\"https:\/\/everydayraquel.com\/boutique\/panier\/\",\"name\":\"Mon Panier &#8211; EverydayRaquel\",\"isPartOf\":{\"@id\":\"https:\/\/everydayraquel.com\/#website\"},\"datePublished\":\"2017-12-13T12:04:26+00:00\",\"dateModified\":\"2022-07-20T22:43:53+00:00\",\"breadcrumb\":{\"@id\":\"https:\/\/everydayraquel.com\/boutique\/panier\/#breadcrumb\"},\"inLanguage\":\"en-GB\",\"potentialAction\":[{\"@type\":\"ReadAction\",\"target\":[\"https:\/\/everydayraquel.com\/boutique\/panier\/\"]}]},{\"@type\":\"BreadcrumbList\",\"@id\":\"https:\/\/everydayraquel.com\/boutique\/panier\/#breadcrumb\",\"itemListElement\":[{\"@type\":\"ListItem\",\"position\":1,\"name\":\"Accueil\",\"item\":\"https:\/\/everydayraquel.com\/\"},{\"@type\":\"ListItem\",\"position\":2,\"name\":\"Boutique en ligne\",\"item\":\"https:\/\/everydayraquel.com\/boutique\/\"},{\"@type\":\"ListItem\",\"position\":3,\"name\":\"Mon Panier\"}]},{\"@type\":\"WebSite\",\"@id\":\"https:\/\/everydayraquel.com\/#website\",\"url\":\"https:\/\/everydayraquel.com\/\",\"name\":\"EverydayRaquel Art et Illustration\",\"description\":\"Un jour, un dessin\",\"publisher\":{\"@id\":\"https:\/\/everydayraquel.com\/#organization\"},\"alternateName\":\"Artiste Everyday Raquel\",\"potentialAction\":[{\"@type\":\"SearchAction\",\"target\":{\"@type\":\"EntryPoint\",\"urlTemplate\":\"https:\/\/everydayraquel.com\/?s={search_term_string}\"},\"query-input\":{\"@type\":\"PropertyValueSpecification\",\"valueRequired\":true,\"valueName\":\"search_term_string\"}}],\"inLanguage\":\"en-GB\"},{\"@type\":[\"Organization\",\"Place\",\"ArtGallery\"],\"@id\":\"https:\/\/everydayraquel.com\/#organization\",\"name\":\"Everyday Raquel\",\"alternateName\":\"Raquel Artiste Dunkerque\",\"url\":\"https:\/\/everydayraquel.com\/\",\"logo\":{\"@id\":\"https:\/\/everydayraquel.com\/boutique\/panier\/#local-main-organization-logo\"},\"image\":{\"@id\":\"https:\/\/everydayraquel.com\/boutique\/panier\/#local-main-organization-logo\"},\"sameAs\":[\"https:\/\/www.facebook.com\/everydayraquel\/\",\"https:\/\/www.instagram.com\/everydayraquel\/\"],\"description\":\"Artiste et illustratrice \u00e0 Dunkerque, je r\u00e9alise des dessins personnalis\u00e9s, vente d'affiches et de cadres, dessins du carnaval et des moments du quotidien. Street art, ateliers de dessins collectifs.\",\"legalName\":\"EveryDay Raquel\",\"foundingDate\":\"2020-07-27\",\"numberOfEmployees\":{\"@type\":\"QuantitativeValue\",\"minValue\":\"1\",\"maxValue\":\"10\"},\"address\":{\"@id\":\"https:\/\/everydayraquel.com\/boutique\/panier\/#local-main-place-address\"},\"telephone\":[],\"openingHoursSpecification\":[{\"@type\":\"OpeningHoursSpecification\",\"dayOfWeek\":[\"Monday\",\"Tuesday\",\"Wednesday\",\"Thursday\",\"Friday\"],\"opens\":\"09:30\",\"closes\":\"18:00\"},{\"@type\":\"OpeningHoursSpecification\",\"dayOfWeek\":[\"Saturday\"],\"opens\":\"10:00\",\"closes\":\"12:00\"},{\"@type\":\"OpeningHoursSpecification\",\"dayOfWeek\":[\"Sunday\"],\"opens\":\"00:00\",\"closes\":\"00:00\"}],\"email\":\"contact@everydayraquel.com\",\"areaServed\":\"Dunkerque, Grande-Synthe, Bergues, Calais, Hazebrouck, Lille,\",\"priceRange\":\"$$\",\"currenciesAccepted\":\"Euro\",\"paymentAccepted\":\"CB, liquide, cash, carte bancaire\"},{\"@type\":\"PostalAddress\",\"@id\":\"https:\/\/everydayraquel.com\/boutique\/panier\/#local-main-place-address\",\"streetAddress\":\"Rue Winston Churchill\",\"addressLocality\":\"Dunkerque\",\"postalCode\":\"59240\",\"addressCountry\":\"FR\"},{\"@type\":\"ImageObject\",\"inLanguage\":\"en-GB\",\"@id\":\"https:\/\/everydayraquel.com\/boutique\/panier\/#local-main-organization-logo\",\"url\":\"https:\/\/everydayraquel.com\/wp-content\/uploads\/2020\/11\/everydayraquel_logo_mirroir.png\",\"contentUrl\":\"https:\/\/everydayraquel.com\/wp-content\/uploads\/2020\/11\/everydayraquel_logo_mirroir.png\",\"width\":670,\"height\":290,\"caption\":\"Everyday Raquel\"}]}<\/script>\n<meta name=\"geo.placename\" content=\"Dunkerque\" \/>\n<meta name=\"geo.region\" content=\"France\" \/>","yoast_head_json":{"title":"Mon Panier &#8211; EverydayRaquel","robots":{"index":"index","follow":"follow","max-snippet":"max-snippet:-1","max-image-preview":"max-image-preview:large","max-video-preview":"max-video-preview:-1"},"canonical":"https:\/\/everydayraquel.com\/en\/boutique\/panier\/","og_locale":"en_GB","og_type":"article","og_title":"Mon Panier","og_url":"https:\/\/everydayraquel.com\/en\/boutique\/panier\/","og_site_name":"EverydayRaquel","article_publisher":"https:\/\/www.facebook.com\/everydayraquel\/","article_modified_time":"2022-07-20T22:43:53+00:00","og_image":[{"width":670,"height":290,"url":"https:\/\/everydayraquel.com\/wp-content\/uploads\/2020\/11\/everydayraquel_logo_mirroir.png","type":"image\/png"}],"twitter_card":"summary_large_image","twitter_misc":{"Estimated reading time":"1 minute"},"schema":{"@context":"https:\/\/schema.org","@graph":[{"@type":"WebPage","@id":"https:\/\/everydayraquel.com\/boutique\/panier\/","url":"https:\/\/everydayraquel.com\/boutique\/panier\/","name":"Mon Panier &#8211; EverydayRaquel","isPartOf":{"@id":"https:\/\/everydayraquel.com\/#website"},"datePublished":"2017-12-13T12:04:26+00:00","dateModified":"2022-07-20T22:43:53+00:00","breadcrumb":{"@id":"https:\/\/everydayraquel.com\/boutique\/panier\/#breadcrumb"},"inLanguage":"en-GB","potentialAction":[{"@type":"ReadAction","target":["https:\/\/everydayraquel.com\/boutique\/panier\/"]}]},{"@type":"BreadcrumbList","@id":"https:\/\/everydayraquel.com\/boutique\/panier\/#breadcrumb","itemListElement":[{"@type":"ListItem","position":1,"name":"Accueil","item":"https:\/\/everydayraquel.com\/"},{"@type":"ListItem","position":2,"name":"Boutique en ligne","item":"https:\/\/everydayraquel.com\/boutique\/"},{"@type":"ListItem","position":3,"name":"Mon Panier"}]},{"@type":"WebSite","@id":"https:\/\/everydayraquel.com\/#website","url":"https:\/\/everydayraquel.com\/","name":"EverydayRaquel Art et Illustration","description":"Un jour, un dessin","publisher":{"@id":"https:\/\/everydayraquel.com\/#organization"},"alternateName":"Artiste Everyday Raquel","potentialAction":[{"@type":"SearchAction","target":{"@type":"EntryPoint","urlTemplate":"https:\/\/everydayraquel.com\/?s={search_term_string}"},"query-input":{"@type":"PropertyValueSpecification","valueRequired":true,"valueName":"search_term_string"}}],"inLanguage":"en-GB"},{"@type":["Organization","Place","ArtGallery"],"@id":"https:\/\/everydayraquel.com\/#organization","name":"Everyday Raquel","alternateName":"Raquel Artiste Dunkerque","url":"https:\/\/everydayraquel.com\/","logo":{"@id":"https:\/\/everydayraquel.com\/boutique\/panier\/#local-main-organization-logo"},"image":{"@id":"https:\/\/everydayraquel.com\/boutique\/panier\/#local-main-organization-logo"},"sameAs":["https:\/\/www.facebook.com\/everydayraquel\/","https:\/\/www.instagram.com\/everydayraquel\/"],"description":"Artiste et illustratrice \u00e0 Dunkerque, je r\u00e9alise des dessins personnalis\u00e9s, vente d'affiches et de cadres, dessins du carnaval et des moments du quotidien. Street art, ateliers de dessins collectifs.","legalName":"EveryDay Raquel","foundingDate":"2020-07-27","numberOfEmployees":{"@type":"QuantitativeValue","minValue":"1","maxValue":"10"},"address":{"@id":"https:\/\/everydayraquel.com\/boutique\/panier\/#local-main-place-address"},"telephone":[],"openingHoursSpecification":[{"@type":"OpeningHoursSpecification","dayOfWeek":["Monday","Tuesday","Wednesday","Thursday","Friday"],"opens":"09:30","closes":"18:00"},{"@type":"OpeningHoursSpecification","dayOfWeek":["Saturday"],"opens":"10:00","closes":"12:00"},{"@type":"OpeningHoursSpecification","dayOfWeek":["Sunday"],"opens":"00:00","closes":"00:00"}],"email":"contact@everydayraquel.com","areaServed":"Dunkerque, Grande-Synthe, Bergues, Calais, Hazebrouck, Lille,","priceRange":"$$","currenciesAccepted":"Euro","paymentAccepted":"CB, liquide, cash, carte bancaire"},{"@type":"PostalAddress","@id":"https:\/\/everydayraquel.com\/boutique\/panier\/#local-main-place-address","streetAddress":"Rue Winston Churchill","addressLocality":"Dunkerque","postalCode":"59240","addressCountry":"FR"},{"@type":"ImageObject","inLanguage":"en-GB","@id":"https:\/\/everydayraquel.com\/boutique\/panier\/#local-main-organization-logo","url":"https:\/\/everydayraquel.com\/wp-content\/uploads\/2020\/11\/everydayraquel_logo_mirroir.png","contentUrl":"https:\/\/everydayraquel.com\/wp-content\/uploads\/2020\/11\/everydayraquel_logo_mirroir.png","width":670,"height":290,"caption":"Everyday Raquel"}]},"geo.placename":"Dunkerque","geo.region":"France"},"_links":{"self":[{"href":"https:\/\/everydayraquel.com\/en\/wp-json\/wp\/v2\/pages\/1618","targetHints":{"allow":["GET"]}}],"collection":[{"href":"https:\/\/everydayraquel.com\/en\/wp-json\/wp\/v2\/pages"}],"about":[{"href":"https:\/\/everydayraquel.com\/en\/wp-json\/wp\/v2\/types\/page"}],"author":[{"embeddable":true,"href":"https:\/\/everydayraquel.com\/en\/wp-json\/wp\/v2\/users\/1"}],"replies":[{"embeddable":true,"href":"https:\/\/everydayraquel.com\/en\/wp-json\/wp\/v2\/comments?post=1618"}],"version-history":[{"count":0,"href":"https:\/\/everydayraquel.com\/en\/wp-json\/wp\/v2\/pages\/1618\/revisions"}],"up":[{"embeddable":true,"href":"https:\/\/everydayraquel.com\/en\/wp-json\/wp\/v2\/pages\/1928"}],"wp:attachment":[{"href":"https:\/\/everydayraquel.com\/en\/wp-json\/wp\/v2\/media?parent=1618"}],"curies":[{"name":"wp","href":"https:\/\/api.w.org\/{rel}","templated":true}]}}